{"id":9561,"date":"2025-06-18T13:01:39","date_gmt":"2025-06-18T18:01:39","guid":{"rendered":"https:\/\/www.masquevacaciones.com.pe\/?page_id=9561"},"modified":"2025-06-18T13:01:40","modified_gmt":"2025-06-18T18:01:40","slug":"preguntas-frecuentes","status":"publish","type":"page","link":"https:\/\/www.masquevacaciones.com.pe\/en\/preguntas-frecuentes\/","title":{"rendered":"PREGUNTAS FRECUENTES"},"content":{"rendered":"<p><strong>\u00bfCuales son los medios de pago?<\/strong><\/p>\n\n\n\n<p>Pago por transferencia bancaria, Yape, Plin, Tarjeta de cr\u00e9dito, Wenster uni\u00f3n.<\/p>\n\n\n\n<p><strong>\u00bfTiene servicio de tr\u00e1mite de visado?<\/strong><\/p>\n\n\n\n<p>S\u00ed, Te asesoramos para aplicar a las visas de pa\u00edses que lo requieran. Conocemos los tr\u00e1mites relativos a cada embajada y los acompa\u00f1amos hasta que cierren dicho tr\u00e1mite.<\/p>\n\n\n\n<p><strong>\u00bfMe ayudan con el Check in?<\/strong><\/p>\n\n\n\n<p>S\u00ed. nosotros generamos el Check-in como parte de nuestro servicio. Dentro de las horas establecidas, usted recibir\u00e1 sus pases de abordar correspondientes.<\/p>\n\n\n\n<p>Tenga en cuenta que su asignaci\u00f3n de asientos, (si la tarifa del boleto lo permite) dentro del avi\u00f3n s\u00f3lo puede decidirse en el momento del check-in. SI no esta conforme con la selecci\u00f3n de asientos &nbsp;ser\u00e1 necesario acercarse al counter de la aerol\u00ednea con suficiente tiempo de anticipaci\u00f3n y solicitar puedan ayudarle con el cambio,<\/p>\n\n\n\n<p>Puede acumular millas de viajero frecuente para ellos deber\u00e1 informarnos y brindarnos su # de pasajero frecuente.<\/p>\n\n\n\n<p><strong>\u00bfPuedo viajar embarazada?<\/strong><\/p>\n\n\n\n<p>Todos los tipos de compa\u00f1\u00edas a\u00e9reas permiten viajar a las mujeres embarazadas. Sin embargo, existen diferencias de acuerdo al tiempo de embarazo.<\/p>\n\n\n\n<p>Recuerde: toda mujer embarazada debe consultar al m\u00e9dico antes del vuelo y despu\u00e9s del 7mo mes de gestaci\u00f3n, la embarazada necesita un certificado m\u00e9dico permitiendo su viaje.<\/p>\n\n\n\n<p>Es importante que la gestante informe al m\u00e9dico sobre situaciones de aborto previo, sangrados, diabetes, presi\u00f3n alta o parto prematuro previo.<\/p>\n\n\n\n<p>La pasajera embarazada no puede olvidar entre sus documentos personales el certificado m\u00e9dico. En el aeropuerto se le solicitar\u00e1 firmar unos t\u00e9rminos de responsabilidad de la pasajera embarazada.<\/p>\n\n\n\n<p>En el noveno mes de embarazo se exige que la pasajera viaje acompa\u00f1ada de un m\u00e9dico. Durante el vuelo la gestante debe tener cuidado de no permanecer en la misma posici\u00f3n, principalmente en viajes largos, e hidratarse siempre que sea posible, ya que el aire dentro del avi\u00f3n es seco. Tambi\u00e9n es primordial que la embarazada viaje con las medicinas necesarias.<\/p>\n\n\n\n<p>Cada compa\u00f1\u00eda a\u00e9rea tiene sus especificaciones y es indispensable avisar de la condici\u00f3n de embarazo durante la compra de pasajes a\u00e9reos. Esta informaci\u00f3n puede variar.<\/p>\n\n\n\n<p><strong>\u00bfPuede la aerol\u00ednea modificar mi vuelo o cancelarlo?<\/strong><\/p>\n\n\n\n<p>Si, si su vuelo ha sido reprogramado por m\u00e1s de 3 horas de diferencia con su vuelo inicial o cancelado por la compa\u00f1\u00eda a\u00e9rea, usted tiene derecho a un reembolso por el viaje que no ha disfrutado. Sin embargo, no debe olvidar que el reembolso \u00fanicamente se aplica a los servicios que no ha recibido. Por lo tanto, el importe final del reembolso que le pagar\u00e1 la aerol\u00ednea puede no coincidir con el importe total pagado por la reserva<\/p>\n\n\n\n<p>\u00bf<strong>Puedo viajar con DNI o\u00a0 Pasaporte?<\/strong><\/p>\n\n\n\n<p>En viajes nacionales o hacia pa\u00edses miembros de la Comunidad Andina (Argentina, Brasil, Bolivia, Colombia, Chile, Ecuador, Uruguay, Paraguay, Per\u00fa y Venezuela) es obligatorio presentar DNI vigente, al momento del check-in; por lo cual no se necesita presentar pasaporte.<\/p>\n\n\n\n<p>Preste atenci\u00f3n a los documentos que pueden ser de utilidad dependiendo del tipo de pasajero:<\/p>\n\n\n\n<ul class=\"wp-block-list\">\n<li>Mayores de 18 a\u00f1os: obligatorio presentar DNI.<\/li>\n\n\n\n<li>Menores de edad: deben presentar su partida de nacimiento, DNI y la autorizaci\u00f3n de viaje firmada por uno de los padres y legalizada por el notario p\u00fablico (Permiso Notarial).<\/li>\n\n\n\n<li>Viajes internacionales<\/li>\n\n\n\n<li>Mayores de 18 a\u00f1os: pasaporte con validez m\u00ednima de seis meses (o de acuerdo al pa\u00eds solicitado), el DNI y Visa (en caso requiera).<\/li>\n\n\n\n<li>Menores de edad: deben presentar su partida de nacimiento, pasaporte, DNI y Visa (de ser necesario) adem\u00e1s de la autorizaci\u00f3n de viaje firmada por el padre que no acompa\u00f1e al menor.<\/li>\n\n\n\n<li>Menores de 18 a\u00f1os viajando sin padres: Para que el menor de edad pueda viajar solo, es requisito fundamental presentar una autorizaci\u00f3n de viaje firmada por ambos padres y legalizada por un Notario P\u00fablico. En caso viaje con uno de los padres, la autorizaci\u00f3n debe ser firmada por el padre que no viaje.<\/li>\n<\/ul>","protected":false},"excerpt":{"rendered":"<p>\u00bfCuales son los medios de pago? Pago por transferencia bancaria, Yape, Plin, Tarjeta de cr\u00e9dito, Wenster uni\u00f3n. \u00bfTiene servicio de tr\u00e1mite de visado? S\u00ed, Te asesoramos para aplicar a las visas de pa\u00edses que lo requieran. Conocemos los tr\u00e1mites relativos a cada embajada y los acompa\u00f1amos hasta que cierren dicho tr\u00e1mite. \u00bfMe ayudan con el [&hellip;]<\/p>\n","protected":false},"author":1,"featured_media":0,"parent":0,"menu_order":0,"comment_status":"closed","ping_status":"closed","template":"","meta":{"site-sidebar-layout":"default","site-content-layout":"","ast-site-content-layout":"default","site-content-style":"default","site-sidebar-style":"default","ast-global-header-display":"","ast-banner-title-visibility":"","ast-main-header-display":"","ast-hfb-above-header-display":"","ast-hfb-below-header-display":"","ast-hfb-mobile-header-display":"","site-post-title":"","ast-breadcrumbs-content":"","ast-featured-img":"","footer-sml-layout":"","ast-disable-related-posts":"","theme-transparent-header-meta":"","adv-header-id-meta":"","stick-header-meta":"","header-above-stick-meta":"","header-main-stick-meta":"","header-below-stick-meta":"","astra-migrate-meta-layouts":"set","ast-page-background-enabled":"default","ast-page-background-meta":{"desktop":{"background-color":"","background-image":"","background-repeat":"repeat","background-position":"center center","background-size":"auto","background-attachment":"scroll","background-type":"","background-media":"","overlay-type":"","overlay-color":"","overlay-opacity":"","overlay-gradient":""},"tablet":{"background-color":"","background-image":"","background-repeat":"repeat","background-position":"center center","background-size":"auto","background-attachment":"scroll","background-type":"","background-media":"","overlay-type":"","overlay-color":"","overlay-opacity":"","overlay-gradient":""},"mobile":{"background-color":"","background-image":"","background-repeat":"repeat","background-position":"center center","background-size":"auto","background-attachment":"scroll","background-type":"","background-media":"","overlay-type":"","overlay-color":"","overlay-opacity":"","overlay-gradient":""}},"ast-content-background-meta":{"desktop":{"background-color":"var(--ast-global-color-5)","background-image":"","background-repeat":"repeat","background-position":"center center","background-size":"auto","background-attachment":"scroll","background-type":"","background-media":"","overlay-type":"","overlay-color":"","overlay-opacity":"","overlay-gradient":""},"tablet":{"background-color":"var(--ast-global-color-5)","background-image":"","background-repeat":"repeat","background-position":"center center","background-size":"auto","background-attachment":"scroll","background-type":"","background-media":"","overlay-type":"","overlay-color":"","overlay-opacity":"","overlay-gradient":""},"mobile":{"background-color":"var(--ast-global-color-5)","background-image":"","background-repeat":"repeat","background-position":"center center","background-size":"auto","background-attachment":"scroll","background-type":"","background-media":"","overlay-type":"","overlay-color":"","overlay-opacity":"","overlay-gradient":""}},"_joinchat":[],"footnotes":""},"class_list":["post-9561","page","type-page","status-publish","hentry"],"_links":{"self":[{"href":"https:\/\/www.masquevacaciones.com.pe\/en\/wp-json\/wp\/v2\/pages\/9561","targetHints":{"allow":["GET"]}}],"collection":[{"href":"https:\/\/www.masquevacaciones.com.pe\/en\/wp-json\/wp\/v2\/pages"}],"about":[{"href":"https:\/\/www.masquevacaciones.com.pe\/en\/wp-json\/wp\/v2\/types\/page"}],"author":[{"embeddable":true,"href":"https:\/\/www.masquevacaciones.com.pe\/en\/wp-json\/wp\/v2\/users\/1"}],"replies":[{"embeddable":true,"href":"https:\/\/www.masquevacaciones.com.pe\/en\/wp-json\/wp\/v2\/comments?post=9561"}],"version-history":[{"count":1,"href":"https:\/\/www.masquevacaciones.com.pe\/en\/wp-json\/wp\/v2\/pages\/9561\/revisions"}],"predecessor-version":[{"id":9563,"href":"https:\/\/www.masquevacaciones.com.pe\/en\/wp-json\/wp\/v2\/pages\/9561\/revisions\/9563"}],"wp:attachment":[{"href":"https:\/\/www.masquevacaciones.com.pe\/en\/wp-json\/wp\/v2\/media?parent=9561"}],"curies":[{"name":"wp","href":"https:\/\/api.w.org\/{rel}","templated":true}]}}