{"id":9559,"date":"2025-06-18T12:56:58","date_gmt":"2025-06-18T17:56:58","guid":{"rendered":"https:\/\/www.masquevacaciones.com.pe\/?page_id=9559"},"modified":"2025-07-14T10:37:15","modified_gmt":"2025-07-14T15:37:15","slug":"terminos-y-condiciones-2","status":"publish","type":"page","link":"https:\/\/www.masquevacaciones.com.pe\/en\/terminos-y-condiciones-2\/","title":{"rendered":"TERMINOS Y CONDICIONES"},"content":{"rendered":"<div data-elementor-type=\"wp-page\" data-elementor-id=\"9559\" class=\"elementor elementor-9559\">\n\t\t\t\t\t\t<section class=\"elementor-section elementor-top-section elementor-element elementor-element-57e72064 elementor-section-boxed elementor-section-height-default elementor-section-height-default\" data-id=\"57e72064\" data-element_type=\"section\" data-e-type=\"section\">\n\t\t\t\t\t\t<div class=\"elementor-container elementor-column-gap-default\">\n\t\t\t\t\t<div class=\"elementor-column elementor-col-100 elementor-top-column elementor-element elementor-element-768edc15\" data-id=\"768edc15\" data-element_type=\"column\" data-e-type=\"column\">\n\t\t\t<div class=\"elementor-widget-wrap elementor-element-populated\">\n\t\t\t\t\t\t<div class=\"elementor-element elementor-element-27b94d63 elementor-widget elementor-widget-text-editor\" data-id=\"27b94d63\" data-element_type=\"widget\" data-e-type=\"widget\" data-widget_type=\"text-editor.default\">\n\t\t\t\t<div class=\"elementor-widget-container\">\n\t\t\t\t\t\t\t\t\t<p><strong>Sobre los Precios:<\/strong><\/p>\n<p><!-- \/wp:paragraph --><!-- wp:paragraph --><\/p>\n<ul>\n<li>Todas las tarifas est\u00e1n expresadas en d\u00f3lares norteamericanos y pueden consultar el tipo de cambio en soles, En los servicios no est\u00e1 incluido el IGV del 18% aplicable para peruanos y extranjeros residentes en el Per\u00fa (exonerado para extranjeros).\u00a0Si requiere una factura de servicios adquiridos a desarrollarse en Per\u00fa se tendr\u00e1 que a\u00f1adir el 18%.<\/li>\n<\/ul>\n<p><!-- \/wp:paragraph --><!-- wp:paragraph --><\/p>\n<p><!-- \/wp:paragraph --><!-- wp:paragraph --><\/p>\n<p><!-- \/wp:paragraph --><!-- wp:paragraph --><\/p>\n<p><!-- \/wp:paragraph --><!-- wp:paragraph --><\/p>\n<p><!-- \/wp:paragraph --><\/p>\t\t\t\t\t\t\t\t<\/div>\n\t\t\t\t<\/div>\n\t\t\t\t\t<\/div>\n\t\t<\/div>\n\t\t\t\t\t<\/div>\n\t\t<\/section>\n\t\t\t\t<section class=\"elementor-section elementor-top-section elementor-element elementor-element-f9bf0f6 elementor-section-boxed elementor-section-height-default elementor-section-height-default\" data-id=\"f9bf0f6\" data-element_type=\"section\" data-e-type=\"section\">\n\t\t\t\t\t\t<div class=\"elementor-container elementor-column-gap-default\">\n\t\t\t\t\t<div class=\"elementor-column elementor-col-100 elementor-top-column elementor-element elementor-element-bcb154b\" data-id=\"bcb154b\" data-element_type=\"column\" data-e-type=\"column\">\n\t\t\t<div class=\"elementor-widget-wrap elementor-element-populated\">\n\t\t\t\t\t\t<div class=\"elementor-element elementor-element-f9b3966 elementor-widget elementor-widget-text-editor\" data-id=\"f9b3966\" data-element_type=\"widget\" data-e-type=\"widget\" data-widget_type=\"text-editor.default\">\n\t\t\t\t<div class=\"elementor-widget-container\">\n\t\t\t\t\t\t\t\t\t<ul>\n<li>Tomar en cuenta las pol\u00edticas de equipaje de la aerol\u00ednea (medidas y peso), para no tener inconvenientes en el counter al momento de embarcar.<\/li>\n<li>Cuando tiene equipaje que va en bodega, aun cuando tenga su tarjeta de embarque, tiene que acercarse al counter de la aerol\u00ednea a registrarlo y verificar si sus maletas van hasta el destino final o si usted tiene que retirar su maleta de la cinta transportadora y volver a registrarla para su vuelo de conexi\u00f3n.<\/li>\n<li>El pasajero es responsable de presentar y cumplir con toda la documentaci\u00f3n requerida para ingresar o salir de un determinado pa\u00eds (visa, pasaporte, vacunas, etc.), as\u00ed como de lo requerido en los pa\u00edses de conexi\u00f3n o tr\u00e1nsito, por lo que se recomienda tomar contacto con el consulado del pa\u00eds o pa\u00edses que visitar\u00e1.<\/li>\n<li>Los boletos no son modificables. Para cualquier cambio de fecha, hora o ruta, si lo autoriza la aerol\u00ednea, puede estar sujeto a alguna penalidad y\/o condiciones que esta indique, o incluso a la imposibilidad de modificaci\u00f3n.<\/li>\n<li>Para cambios de fecha, consultar de lunes a viernes de 9 a.m. a 4 p.m. Si el cambio es dentro de las 48 horas previas al viaje, consultar directamente con la aerol\u00ednea utilizando el c\u00f3digo que figura en el boleto.<\/li>\n<li>Los boletos son no reembolsables, salvo excepciones autorizadas por la aerol\u00ednea, las cuales requerir\u00e1n una gesti\u00f3n de reembolso que incluye penalidades y gastos administrativos.<\/li>\n<li>La asignaci\u00f3n de asientos es aleatoria seg\u00fan la pol\u00edtica de cada aerol\u00ednea en tarifas BASIC. Si desea un asiento espec\u00edfico, este tendr\u00e1 un costo adicional.<\/li>\n<li>Este boleto no es endosable, salvo que la aerol\u00ednea lo autorice como excepci\u00f3n.<\/li>\n<li>De no llegar a tiempo a la hora de embarque, pierde el vuelo o estar\u00e1 sujeto a las regulaciones de la aerol\u00ednea.<\/li>\n<li>Los itinerarios a\u00e9reos est\u00e1n sujetos a variaci\u00f3n seg\u00fan disposici\u00f3n de la l\u00ednea a\u00e9rea y pueden sufrir cambios (reprogramaciones) antes o despu\u00e9s de emitido el boleto.<\/li>\n<li>Los itinerarios de los servicios (excursiones, traslados, alojamiento, etc.) est\u00e1n sujetos a variaci\u00f3n seg\u00fan disposici\u00f3n del proveedor.<\/li>\n<li>Con respecto al servicio de alojamiento, los requerimientos acerca de la tipolog\u00eda de las camas no est\u00e1n garantizados, ya que est\u00e1n sujetos a disponibilidad.<\/li>\n<li>Los servicios tur\u00edsticos antes o despu\u00e9s de iniciados no son reembolsables, salvo excepciones autorizadas por el proveedor, lo cual requerir\u00e1 una gesti\u00f3n de reembolso que incluye penalidades y gastos administrativos.<\/li>\n<li>En caso de que los proveedores se vieran obligados a cancelar los servicios tur\u00edsticos antes de su inicio y\/o fueran interrumpidos por razones ajenas o de fuerza mayor, los proveedores ofrecer\u00e1n alternativas de soluci\u00f3n.<\/li>\n<\/ul>\t\t\t\t\t\t\t\t<\/div>\n\t\t\t\t<\/div>\n\t\t\t\t\t<\/div>\n\t\t<\/div>\n\t\t\t\t\t<\/div>\n\t\t<\/section>\n\t\t\t\t<section class=\"elementor-section elementor-top-section elementor-element elementor-element-876e94e elementor-section-boxed elementor-section-height-default elementor-section-height-default\" data-id=\"876e94e\" data-element_type=\"section\" data-e-type=\"section\">\n\t\t\t\t\t\t<div class=\"elementor-container elementor-column-gap-default\">\n\t\t\t\t\t<div class=\"elementor-column elementor-col-100 elementor-top-column elementor-element elementor-element-dfcdf55\" data-id=\"dfcdf55\" data-element_type=\"column\" data-e-type=\"column\">\n\t\t\t<div class=\"elementor-widget-wrap elementor-element-populated\">\n\t\t\t\t\t\t<div class=\"elementor-element elementor-element-9d6ebb8 elementor-widget elementor-widget-text-editor\" data-id=\"9d6ebb8\" data-element_type=\"widget\" data-e-type=\"widget\" data-widget_type=\"text-editor.default\">\n\t\t\t\t<div class=\"elementor-widget-container\">\n\t\t\t\t\t\t\t\t\t<ul>\n<li>M\u00c1S QUE VACACIONES: s\u00f3lo act\u00faa como intermediario entre los proveedores locales e internacionales y el usuario, es responsable \u00fanicamente de la organizaci\u00f3n de los tours y boletos a\u00e9reos adquiridos. El usuario no puede imputarnos responsabilidad por causas que est\u00e1n fuera de nuestro alcance. No somos responsables del perjuicio o retraso alguno derivado de circunstancias ajenas a nuestro control (ya sean causas fortuitas, de fuerza mayor y\/o cualquier p\u00e9rdida, da\u00f1o, accidente o alguna otra irregularidad causada al usuario por hecho de tercero o la imprudencia del propio usuario afectado). Cualquier reclamo del usuario respecto a los servicios deber\u00e1 registrarlo directamente con el proveedor en destino. En nuestra condici\u00f3n de intermediarios gestionaremos su tramitaci\u00f3n hasta la respuesta del proveedor, agotando la reconsideraci\u00f3n de ser necesario. En el caso de la l\u00ednea a\u00e9rea el reclamo s\u00f3lo es aceptado para ser procesado si el usuario lo tramita directamente con ellos.<br \/>\u2022 M\u00c1S QUE VACACIONES declara que act\u00faa como intermediario entre las empresas de transporte (a\u00e9reo, terrestre y\/o mar\u00edtimo) y establecimientos hoteleros y otros, declinando por lo tanto toda responsabilidad por accidentes, huelgas, disturbios, terremotos, huracanes, sobreventas a\u00e9reas, terrestres y hoteleras y cualquier otro caso debidamente comprobado que pudiera ocurrir durante el viaje.<\/li>\n<\/ul>\t\t\t\t\t\t\t\t<\/div>\n\t\t\t\t<\/div>\n\t\t\t\t\t<\/div>\n\t\t<\/div>\n\t\t\t\t\t<\/div>\n\t\t<\/section>\n\t\t\t\t<section class=\"elementor-section elementor-top-section elementor-element elementor-element-ff9a7aa elementor-section-boxed elementor-section-height-default elementor-section-height-default\" data-id=\"ff9a7aa\" data-element_type=\"section\" data-e-type=\"section\">\n\t\t\t\t\t\t<div class=\"elementor-container elementor-column-gap-default\">\n\t\t\t\t\t<div class=\"elementor-column elementor-col-100 elementor-top-column elementor-element elementor-element-8947ed3\" data-id=\"8947ed3\" data-element_type=\"column\" data-e-type=\"column\">\n\t\t\t<div class=\"elementor-widget-wrap elementor-element-populated\">\n\t\t\t\t\t\t<div class=\"elementor-element elementor-element-436c086 elementor-widget elementor-widget-text-editor\" data-id=\"436c086\" data-element_type=\"widget\" data-e-type=\"widget\" data-widget_type=\"text-editor.default\">\n\t\t\t\t<div class=\"elementor-widget-container\">\n\t\t\t\t\t\t\t\t\t<ul>\n<li>M\u00c1S QUE VACACIONES no asume responsabilidad alguna frente a los asuntos legales u otros inconvenientes en que pueda verse involucrado el usuario, en caso de que el usuario se vea obligado a retirarse de la excursi\u00f3n por tales motivos y, asimismo, frente a los gastos personales en que el pasajero incurra.<\/li>\n<li>M\u00c1S QUE VACACIONES no asume responsabilidad alguna por p\u00e9rdida o da\u00f1o que sufra el equipaje o los efectos personales del usuario durante el viaje. El equipaje y cualquier otro objeto que los usuarios lleven consigo est\u00e1n bajo su custodia y responsabilidad.<\/li>\n<li>M\u00c1S QUE VACACIONES, de conformidad con la Ley Peruana N\u00b029733 \u2013 Ley de Protecci\u00f3n de Datos Personales \u2013 y su Reglamento N\u00b0 003-2013-JUS; as\u00ed como del Reglamento General de Protecci\u00f3n de Datos GDPR (UE 2016\/679), se compromete a garantizar y adoptar medidas para la seguridad de la informaci\u00f3n a trav\u00e9s de las mejores pr\u00e1cticas internacionales, en atenci\u00f3n a la confidencialidad, integridad y disponibilidad de los datos de car\u00e1cter personal facilitados.<\/li>\n<li>\u00a0Para mas informacion visita nuestras politicas de privacidad en: <a href=\"https:\/\/www.masquevacaciones.com.pe\/en\/politicas-de-privacidad\/\">https:\/\/www.masquevacaciones.com.pe\/politicas-de-privacidad\/<\/a><\/li>\n<\/ul>\t\t\t\t\t\t\t\t<\/div>\n\t\t\t\t<\/div>\n\t\t\t\t\t<\/div>\n\t\t<\/div>\n\t\t\t\t\t<\/div>\n\t\t<\/section>\n\t\t\t\t<section class=\"elementor-section elementor-top-section elementor-element elementor-element-1594c42 elementor-section-boxed elementor-section-height-default elementor-section-height-default\" data-id=\"1594c42\" data-element_type=\"section\" data-e-type=\"section\">\n\t\t\t\t\t\t<div class=\"elementor-container elementor-column-gap-default\">\n\t\t\t\t\t<div class=\"elementor-column elementor-col-100 elementor-top-column elementor-element elementor-element-5d013af\" data-id=\"5d013af\" data-element_type=\"column\" data-e-type=\"column\">\n\t\t\t<div class=\"elementor-widget-wrap elementor-element-populated\">\n\t\t\t\t\t\t<div class=\"elementor-element elementor-element-ef83c74 elementor-widget elementor-widget-text-editor\" data-id=\"ef83c74\" data-element_type=\"widget\" data-e-type=\"widget\" data-widget_type=\"text-editor.default\">\n\t\t\t\t<div class=\"elementor-widget-container\">\n\t\t\t\t\t\t\t\t\t<p style=\"text-align: right;\"><strong>+51 932 244 747<\/strong><\/p>\t\t\t\t\t\t\t\t<\/div>\n\t\t\t\t<\/div>\n\t\t\t\t\t<\/div>\n\t\t<\/div>\n\t\t\t\t\t<\/div>\n\t\t<\/section>\n\t\t\t\t<section class=\"elementor-section elementor-top-section elementor-element elementor-element-4b0214a elementor-section-boxed elementor-section-height-default elementor-section-height-default\" data-id=\"4b0214a\" data-element_type=\"section\" data-e-type=\"section\">\n\t\t\t\t\t\t<div class=\"elementor-container elementor-column-gap-default\">\n\t\t\t\t\t<div class=\"elementor-column elementor-col-100 elementor-top-column elementor-element elementor-element-c62afa5\" data-id=\"c62afa5\" data-element_type=\"column\" data-e-type=\"column\">\n\t\t\t<div class=\"elementor-widget-wrap elementor-element-populated\">\n\t\t\t\t\t\t<div class=\"elementor-element elementor-element-eeab2b6 elementor-widget elementor-widget-heading\" data-id=\"eeab2b6\" data-element_type=\"widget\" data-e-type=\"widget\" data-widget_type=\"heading.default\">\n\t\t\t\t<div class=\"elementor-widget-container\">\n\t\t\t\t\t<h6 class=\"elementor-heading-title elementor-size-default\">** POR FAVOR, PRESENTARSE EN EL AEROPUERTO 3 HORAS ANTES DE LA SALIDA DE SU VUELO**<\/h6>\t\t\t\t<\/div>\n\t\t\t\t<\/div>\n\t\t\t\t<div class=\"elementor-element elementor-element-a258cd2 elementor-widget elementor-widget-heading\" data-id=\"a258cd2\" data-element_type=\"widget\" data-e-type=\"widget\" data-widget_type=\"heading.default\">\n\t\t\t\t<div class=\"elementor-widget-container\">\n\t\t\t\t\t<h6 class=\"elementor-heading-title elementor-size-default\">**DE CONTAR CON EQUIPAJE FACTURADO (DE 23KG) REGISTRARSE EN EL COUNTER DE LA AEROL\u00cdNEA TRES HORAS ANTES DE\nSU SALIDA, DE LO CONTRARIO PODR\u00cdA PERDER SU VUELO**<\/h6>\t\t\t\t<\/div>\n\t\t\t\t<\/div>\n\t\t\t\t\t<\/div>\n\t\t<\/div>\n\t\t\t\t\t<\/div>\n\t\t<\/section>\n\t\t\t\t<\/div>","protected":false},"excerpt":{"rendered":"<p>Sobre los Precios: Todas las tarifas est\u00e1n expresadas en d\u00f3lares norteamericanos y pueden consultar el tipo de cambio en soles, En los servicios no est\u00e1 incluido el IGV del 18% aplicable para peruanos y extranjeros residentes en el Per\u00fa (exonerado para extranjeros).\u00a0Si requiere una factura de servicios adquiridos a desarrollarse en Per\u00fa se tendr\u00e1 que [&hellip;]<\/p>\n","protected":false},"author":1,"featured_media":0,"parent":0,"menu_order":0,"comment_status":"closed","ping_status":"closed","template":"","meta":{"site-sidebar-layout":"default","site-content-layout":"","ast-site-content-layout":"default","site-content-style":"default","site-sidebar-style":"default","ast-global-header-display":"","ast-banner-title-visibility":"","ast-main-header-display":"","ast-hfb-above-header-display":"","ast-hfb-below-header-display":"","ast-hfb-mobile-header-display":"","site-post-title":"","ast-breadcrumbs-content":"","ast-featured-img":"","footer-sml-layout":"","ast-disable-related-posts":"","theme-transparent-header-meta":"","adv-header-id-meta":"","stick-header-meta":"","header-above-stick-meta":"","header-main-stick-meta":"","header-below-stick-meta":"","astra-migrate-meta-layouts":"set","ast-page-background-enabled":"default","ast-page-background-meta":{"desktop":{"background-color":"","background-image":"","background-repeat":"repeat","background-position":"center center","background-size":"auto","background-attachment":"scroll","background-type":"","background-media":"","overlay-type":"","overlay-color":"","overlay-opacity":"","overlay-gradient":""},"tablet":{"background-color":"","background-image":"","background-repeat":"repeat","background-position":"center center","background-size":"auto","background-attachment":"scroll","background-type":"","background-media":"","overlay-type":"","overlay-color":"","overlay-opacity":"","overlay-gradient":""},"mobile":{"background-color":"","background-image":"","background-repeat":"repeat","background-position":"center center","background-size":"auto","background-attachment":"scroll","background-type":"","background-media":"","overlay-type":"","overlay-color":"","overlay-opacity":"","overlay-gradient":""}},"ast-content-background-meta":{"desktop":{"background-color":"var(--ast-global-color-5)","background-image":"","background-repeat":"repeat","background-position":"center center","background-size":"auto","background-attachment":"scroll","background-type":"","background-media":"","overlay-type":"","overlay-color":"","overlay-opacity":"","overlay-gradient":""},"tablet":{"background-color":"var(--ast-global-color-5)","background-image":"","background-repeat":"repeat","background-position":"center center","background-size":"auto","background-attachment":"scroll","background-type":"","background-media":"","overlay-type":"","overlay-color":"","overlay-opacity":"","overlay-gradient":""},"mobile":{"background-color":"var(--ast-global-color-5)","background-image":"","background-repeat":"repeat","background-position":"center center","background-size":"auto","background-attachment":"scroll","background-type":"","background-media":"","overlay-type":"","overlay-color":"","overlay-opacity":"","overlay-gradient":""}},"_joinchat":[],"footnotes":""},"class_list":["post-9559","page","type-page","status-publish","hentry"],"_links":{"self":[{"href":"https:\/\/www.masquevacaciones.com.pe\/en\/wp-json\/wp\/v2\/pages\/9559","targetHints":{"allow":["GET"]}}],"collection":[{"href":"https:\/\/www.masquevacaciones.com.pe\/en\/wp-json\/wp\/v2\/pages"}],"about":[{"href":"https:\/\/www.masquevacaciones.com.pe\/en\/wp-json\/wp\/v2\/types\/page"}],"author":[{"embeddable":true,"href":"https:\/\/www.masquevacaciones.com.pe\/en\/wp-json\/wp\/v2\/users\/1"}],"replies":[{"embeddable":true,"href":"https:\/\/www.masquevacaciones.com.pe\/en\/wp-json\/wp\/v2\/comments?post=9559"}],"version-history":[{"count":16,"href":"https:\/\/www.masquevacaciones.com.pe\/en\/wp-json\/wp\/v2\/pages\/9559\/revisions"}],"predecessor-version":[{"id":9594,"href":"https:\/\/www.masquevacaciones.com.pe\/en\/wp-json\/wp\/v2\/pages\/9559\/revisions\/9594"}],"wp:attachment":[{"href":"https:\/\/www.masquevacaciones.com.pe\/en\/wp-json\/wp\/v2\/media?parent=9559"}],"curies":[{"name":"wp","href":"https:\/\/api.w.org\/{rel}","templated":true}]}}